{"id":339,"date":"2017-01-15T13:58:07","date_gmt":"2017-01-15T13:58:07","guid":{"rendered":"http:\/\/luqqq.nl\/?page_id=339"},"modified":"2017-01-17T18:17:25","modified_gmt":"2017-01-17T18:17:25","slug":"verslag-benefietwedstrijd-respect-voor-oud-en-jong","status":"publish","type":"page","link":"https:\/\/luqqq.nl\/?page_id=339","title":{"rendered":"verslag: respect voor oud \u00e9n jong"},"content":{"rendered":"<p>Zaterdag 14 januari startte verlaat de eerste benefietwedstrijd 2017 met 28 sportlieden op het kouwe, natte gras. Deze keer niet op het kunstgras, want daar speelden jongens een kinderpartijtje met een sportieve en emotionele vader die niet wilde wijken voor de grote jongeren. Na anderhalf uur intens overleg besloot de coach definitief de speelrichting op het hoofdveld niet te draaien. De verblindende laagstaande zon zou binnen een kwartier achter de mooie grachtenpanden aan de Graaf Florisstraat zakken. Om optimaal gelijkheid in de weersomstandigheden voor beide teams te scheppen, werd unaniem besloten bij het behalen van een score van vijf doelpunten door een van de teams van speelrichting te veranderen om daarna door te stomen naar de eindscore tien. De winnaar werd met een feestelijke fotosessie gehuldigd worden.<\/p>\n<p>Voor deze benefiet werden de teams op leeftijd  gesplitst op het magische getal van 30 lentes jong. Van enkele spelers kon de leeftijd niet achterhaald worden en is op basis van rimpels, nagels, haarkleur en tanden een leeftijdsschatting gemaakt waar vooral de speler zichzelf prettig bij kon voelen. Deze revanchewedstrijd, jong had een maand geleden nog met 8-6 gewonnen, werd een stabiele partij met veel dynamische momenten aan beide kanten.<br \/>\nDe eerste tien minuten werd de van oorsprong Pakistaanse keeper David verblind de door de laagstaande zon. Het was de lat die tot drie keer toe het doel schoon hield. Na een paar snelle doelpunten van de 30-plussers, lukte het de jonkies onder aanvoering van keeper Isa toch voor de korte pauze een punt te scoren. Met de snel behaalde score van 5-1 wisselden de spelers van helft en werd het schemerig op het veld.<br \/>\nHet was 8-1 en pikkedonker toen de scheidsrechter wilde afblazen om op een ander moment de wedstrijd voort te zetten. Beide teams wilden door en werden zeer gedreven om de wedstrijd die avond nog uit te spelen. De jongeren maakte 8-2 en 8-3 door onverwachte counters waarbij op onzichtbare wijze werd gescoord. Dat werd pas opgemerkt toen het doelnet trilde.<br \/>\nHoewel David een goede pot stond te keepen, kreeg hij de hongerklop. Hij verlangde naar zijn meegebrachte verse tapenades en flesjes overwinningsbier. Hij riep Daan op om het team moed in te spreken en vooral over de flanken aan te vallen. Dat hielp en binnen no time werd de 10 gehaald met prachtige doelpunten volgend op onnavolgbaar combinatiespel van onder andere Luzien, Anton, Rick, Armando, Samir, Eric en de Koreaanse Timothy.<br \/>\nBij het uitlopen en aankleden bedankten beide teams voor elkaars sportieve spel en werd het ouderdom voelbaar door jong gerespecteerd. Idee\u00ebn voor een volgende benefietwedstrijd: de teams scheiden in wel\/niet in Nederland geboren of wel\/geen hasjgebruik voor de wedstrijd of wel\/geen seksuele voorkeur.<br \/>\nTijdens de derde helft in clubhuis Augi waren alleen de winnaars uitgenodigd die dan ook ongegeneerd de missers van de tegenstander in woord en beeld nadeden. Zelfs de kinderen van Tiham\u00e9r hebben er hard om moeten lachen. Het werd nog laat en gezellig die avond. Alleen Corn\u00e9 moest na een snelle sat\u00e9 ajam met een bord bami naar het stadion van Utrechts tegenstander Sparta om de voetbaltenues van zijn team te strijken. Hij heeft een t-shirt van de scorende tegenstander achterover kunnen drukken en heeft beloofd daar volgende week in te zullen scoren. Komt dat zien!<\/p>\n<p>Van uw verslaggever<br \/>\nLucas van Zuijlen, speler oud-Team Imminko<br \/>\n15 januari 2017<br \/>\nRotterdam<\/p>\n<p><img loading=\"lazy\" decoding=\"async\" src=\"http:\/\/luqqq.nl\/wp-content\/uploads\/2017\/01\/Schermafbeelding-2017-01-15-om-14.55.57-300x140.png\" alt=\"\" width=\"300\" height=\"140\" class=\"alignright size-medium wp-image-340\" srcset=\"https:\/\/luqqq.nl\/wp-content\/uploads\/2017\/01\/Schermafbeelding-2017-01-15-om-14.55.57-300x140.png 300w, https:\/\/luqqq.nl\/wp-content\/uploads\/2017\/01\/Schermafbeelding-2017-01-15-om-14.55.57-129x60.png 129w, https:\/\/luqqq.nl\/wp-content\/uploads\/2017\/01\/Schermafbeelding-2017-01-15-om-14.55.57.png 629w\" sizes=\"auto, (max-width: 300px) 100vw, 300px\" \/><\/p>\n","protected":false},"excerpt":{"rendered":"<p>Zaterdag 14 januari startte verlaat de eerste benefietwedstrijd 2017 met 28 sportlieden op het kouwe, natte gras. Deze keer niet op het kunstgras, want daar speelden jongens een kinderpartijtje met een sportieve en emotionele vader die niet wilde wijken voor de grote jongeren. Na anderhalf uur intens overleg besloot de coach definitief de speelrichting op [&hellip;]<\/p>\n","protected":false},"author":1,"featured_media":0,"parent":0,"menu_order":0,"comment_status":"closed","ping_status":"closed","template":"","meta":{"footnotes":""},"class_list":["post-339","page","type-page","status-publish","hentry"],"_links":{"self":[{"href":"https:\/\/luqqq.nl\/index.php?rest_route=\/wp\/v2\/pages\/339","targetHints":{"allow":["GET"]}}],"collection":[{"href":"https:\/\/luqqq.nl\/index.php?rest_route=\/wp\/v2\/pages"}],"about":[{"href":"https:\/\/luqqq.nl\/index.php?rest_route=\/wp\/v2\/types\/page"}],"author":[{"embeddable":true,"href":"https:\/\/luqqq.nl\/index.php?rest_route=\/wp\/v2\/users\/1"}],"replies":[{"embeddable":true,"href":"https:\/\/luqqq.nl\/index.php?rest_route=%2Fwp%2Fv2%2Fcomments&post=339"}],"version-history":[{"count":10,"href":"https:\/\/luqqq.nl\/index.php?rest_route=\/wp\/v2\/pages\/339\/revisions"}],"predecessor-version":[{"id":369,"href":"https:\/\/luqqq.nl\/index.php?rest_route=\/wp\/v2\/pages\/339\/revisions\/369"}],"wp:attachment":[{"href":"https:\/\/luqqq.nl\/index.php?rest_route=%2Fwp%2Fv2%2Fmedia&parent=339"}],"curies":[{"name":"wp","href":"https:\/\/api.w.org\/{rel}","templated":true}]}}